{"id":134,"date":"2018-06-25T10:32:01","date_gmt":"2018-06-25T13:32:01","guid":{"rendered":"https:\/\/annalucchese.tv\/?page_id=134"},"modified":"2021-04-13T12:06:05","modified_gmt":"2021-04-13T15:06:05","slug":"writing-escrita","status":"publish","type":"page","link":"https:\/\/annalucchese.tv\/pt_br\/writing-escrita\/","title":{"rendered":"POESIA"},"content":{"rendered":"\n<p class=\"wp-block-paragraph\">DISTRA\u00cdDA<\/p>\n\n\n\n<figure class=\"wp-block-embed is-type-video is-provider-youtube wp-block-embed-youtube wp-embed-aspect-16-9 wp-has-aspect-ratio\"><div class=\"wp-block-embed__wrapper\">\n<div class=\"video-wrapper\"><span class=\"embed-youtube\" style=\"text-align:center; display: block;\"><iframe loading=\"lazy\" class=\"youtube-player\" width=\"840\" height=\"473\" src=\"https:\/\/www.youtube.com\/embed\/hpnNAFYDm34?version=3&#038;rel=1&#038;showsearch=0&#038;showinfo=1&#038;iv_load_policy=1&#038;fs=1&#038;hl=pt-BR&#038;autohide=2&#038;wmode=transparent\" allowfullscreen=\"true\" style=\"border:0;\" sandbox=\"allow-scripts allow-same-origin allow-popups allow-presentation allow-popups-to-escape-sandbox\"><\/iframe><\/span><\/div>\n<\/div><\/figure>\n\n\n\n<p class=\"wp-block-paragraph\">SOLITUDE FEMININA &#8211; ESPA\u00c7O, TEMPO, CORPO | videopoesia feito a partir do exerc\u00edcio de solitude com 3 focos distintos: espa\u00e7o, tempo e corpo. O trabalho foi inteiramente realizado por mim.<\/p>\n\n\n\n<figure class=\"wp-block-embed is-type-video is-provider-youtube wp-block-embed-youtube wp-embed-aspect-16-9 wp-has-aspect-ratio\"><div class=\"wp-block-embed__wrapper\">\n<div class=\"video-wrapper\"><span class=\"embed-youtube\" style=\"text-align:center; display: block;\"><iframe loading=\"lazy\" class=\"youtube-player\" width=\"840\" height=\"473\" src=\"https:\/\/www.youtube.com\/embed\/LWr58OoAZuw?version=3&#038;rel=1&#038;showsearch=0&#038;showinfo=1&#038;iv_load_policy=1&#038;fs=1&#038;hl=pt-BR&#038;autohide=2&#038;wmode=transparent\" allowfullscreen=\"true\" style=\"border:0;\" sandbox=\"allow-scripts allow-same-origin allow-popups allow-presentation allow-popups-to-escape-sandbox\"><\/iframe><\/span><\/div>\n<\/div><\/figure>\n\n\n\n<p class=\"wp-block-paragraph\">C\u00cdRCULO | videopoesia realizada durante o laborat\u00f3rio &#8220;Cooperativa da Inven\u00e7\u00e3o&#8221;. Realizei todo o trabalho.<\/p>\n\n\n\n<figure class=\"wp-block-embed is-type-video is-provider-vimeo wp-block-embed-vimeo wp-embed-aspect-16-9 wp-has-aspect-ratio\"><div class=\"wp-block-embed__wrapper\">\n<div class=\"video-wrapper\"><iframe loading=\"lazy\" title=\"C\u00edrculo | Circle\" src=\"https:\/\/player.vimeo.com\/video\/258412326?dnt=1&amp;app_id=122963\" width=\"840\" height=\"473\" frameborder=\"0\" allow=\"autoplay; fullscreen; picture-in-picture; clipboard-write\"><\/iframe><\/div>\n<\/div><\/figure>\n\n\n\n<p class=\"wp-block-paragraph\">CART\u00c3O POSTAL DO CORPO OU ETINER\u00c1RIO DE UM MERGULHO EM MIM<\/p>\n\n\n\n<p class=\"wp-block-paragraph\">Acordei cedo no primeiro dia e caminhei at\u00e9 o ventre para ter uma vis\u00e3o geral. Rumei norte at\u00e9 o umbigo. Apreciei a vista do orif\u00edcio imaginando o que estaria do outro lado. No dia seguinte, segui viagem at\u00e9 o peitoral. Estava cansada. Tinha a op\u00e7\u00e3o de continuar pelo vale ou arriscar uma escalada. Escolhi o seio direito pela pinta que estava logo adiante. Quando alcancei a ponta, pingava suor. Mas que vista! Sentei um pouco no conforto dos mamilos para recuperar o f\u00f4lego. Esperei um vento favor\u00e1vel e peguei um atalho pelos ares at\u00e9 a boca. Que voo! Que aterrisagem! Que por-do-sol maravilhoso! Amanh\u00e3 tem mais. O sul promete um dia inesquec\u00edvel. Mas voc\u00ea ter\u00e1 que imaginar como foi enquanto l\u00ea este postal. Aproveite a vantagem desses mist\u00e9rios entre o tempo passado, presente e futuro da correspond\u00eancia que nunca poderemos controlar.<\/p>\n","protected":false},"excerpt":{"rendered":"<p>DISTRA\u00cdDA SOLITUDE FEMININA &#8211; ESPA\u00c7O, TEMPO, CORPO | videopoesia feito a partir do exerc\u00edcio de solitude com 3 focos distintos: espa\u00e7o, tempo e corpo. O trabalho foi inteiramente realizado por mim. C\u00cdRCULO | videopoesia realizada durante o laborat\u00f3rio &#8220;Cooperativa da Inven\u00e7\u00e3o&#8221;. Realizei todo o trabalho. CART\u00c3O POSTAL DO CORPO OU ETINER\u00c1RIO DE UM MERGULHO EM&hellip;<\/p>\n","protected":false},"author":51089629,"featured_media":0,"parent":0,"menu_order":0,"comment_status":"closed","ping_status":"closed","template":"","meta":{"_coblocks_attr":"","_coblocks_dimensions":"","_coblocks_responsive_height":"","_coblocks_accordion_ie_support":"","_crdt_document":"","advanced_seo_description":"","jetpack_seo_html_title":"","jetpack_seo_noindex":false,"footnotes":""},"class_list":["post-134","page","type-page","status-publish","hentry","empty-entry-meta"],"jetpack_likes_enabled":true,"jetpack_sharing_enabled":true,"jetpack_shortlink":"https:\/\/wp.me\/P3BNPa-2a","amp_enabled":true,"_links":{"self":[{"href":"https:\/\/annalucchese.tv\/pt_br\/wp-json\/wp\/v2\/pages\/134","targetHints":{"allow":["GET"]}}],"collection":[{"href":"https:\/\/annalucchese.tv\/pt_br\/wp-json\/wp\/v2\/pages"}],"about":[{"href":"https:\/\/annalucchese.tv\/pt_br\/wp-json\/wp\/v2\/types\/page"}],"author":[{"embeddable":true,"href":"https:\/\/annalucchese.tv\/pt_br\/wp-json\/wp\/v2\/users\/51089629"}],"replies":[{"embeddable":true,"href":"https:\/\/annalucchese.tv\/pt_br\/wp-json\/wp\/v2\/comments?post=134"}],"version-history":[{"count":26,"href":"https:\/\/annalucchese.tv\/pt_br\/wp-json\/wp\/v2\/pages\/134\/revisions"}],"predecessor-version":[{"id":916,"href":"https:\/\/annalucchese.tv\/pt_br\/wp-json\/wp\/v2\/pages\/134\/revisions\/916"}],"wp:attachment":[{"href":"https:\/\/annalucchese.tv\/pt_br\/wp-json\/wp\/v2\/media?parent=134"}],"curies":[{"name":"wp","href":"https:\/\/api.w.org\/{rel}","templated":true}]}}